{"id":504,"date":"2024-12-15T15:04:28","date_gmt":"2024-12-15T18:04:28","guid":{"rendered":"https:\/\/calidadbc.com\/?page_id=504"},"modified":"2024-12-15T20:41:53","modified_gmt":"2024-12-15T23:41:53","slug":"investigacion-de-mercado","status":"publish","type":"page","link":"https:\/\/calidadbc.com\/index.php\/investigacion-de-mercado\/","title":{"rendered":"Investigaci\u00f3n de Mercado"},"content":{"rendered":"\n<p>La Investigaci\u00f3n de Mercado es una herramienta poderosa que permite a las organizaciones entender mejor su entorno y tomar decisiones estrat\u00e9gicas basadas en datos. En Consultora Bahamonde Cavagnaro, ofrecemos un enfoque integral que combina investigaci\u00f3n cualitativa y cuantitativa, adaptado a las necesidades espec\u00edficas de su negocio. Desde el an\u00e1lisis de la competencia hasta la evaluaci\u00f3n de la satisfacci\u00f3n del cliente, nuestro equipo de expertos se encarga de recopilar y analizar informaci\u00f3n relevante que le permitir\u00e1 identificar oportunidades y amenazas en su mercado. Con nuestros informes detallados, podr\u00e1 dise\u00f1ar estrategias efectivas que impulsen el crecimiento y la competitividad de su organizaci\u00f3n. \u00a1Descubra el poder de la informaci\u00f3n con nuestra investigaci\u00f3n de mercado!<\/p>\n\n\n<div class=\"wp-block-image\">\n<figure class=\"aligncenter size-large is-resized\"><img fetchpriority=\"high\" decoding=\"async\" width=\"1024\" height=\"683\" src=\"https:\/\/calidadbc.com\/wp-content\/uploads\/2024\/12\/crop-people-watching-graphics-statistics-1024x683.jpg\" alt=\"\" class=\"wp-image-507\" style=\"width:679px;height:auto\" srcset=\"https:\/\/calidadbc.com\/wp-content\/uploads\/2024\/12\/crop-people-watching-graphics-statistics-1024x683.jpg 1024w, https:\/\/calidadbc.com\/wp-content\/uploads\/2024\/12\/crop-people-watching-graphics-statistics-300x200.jpg 300w, https:\/\/calidadbc.com\/wp-content\/uploads\/2024\/12\/crop-people-watching-graphics-statistics-768x512.jpg 768w, https:\/\/calidadbc.com\/wp-content\/uploads\/2024\/12\/crop-people-watching-graphics-statistics-1536x1024.jpg 1536w, https:\/\/calidadbc.com\/wp-content\/uploads\/2024\/12\/crop-people-watching-graphics-statistics-2048x1365.jpg 2048w, https:\/\/calidadbc.com\/wp-content\/uploads\/2024\/12\/crop-people-watching-graphics-statistics-360x240.jpg 360w\" sizes=\"(max-width: 1024px) 100vw, 1024px\" \/><\/figure>\n<\/div>\n\n\n<p><\/p>\n\n\n\n<p><\/p>\n\n\n\n<p>Empleamos t\u00e9cnicas de investigaci\u00f3n para estudios cualitativos y cuantitativos personalizados de acuerdo a las necesidades de nuestros clientes.<br><\/p>\n\n\n\n<p><\/p>\n\n\n\n<figure class=\"wp-block-table is-style-stripes\"><table class=\"has-fixed-layout\"><tbody><tr><td class=\"has-text-align-center\" data-align=\"center\"><strong>Tipos de Estudios<\/strong><\/td><td class=\"has-text-align-center\" data-align=\"center\"><strong>T\u00e9cnicas<\/strong><\/td><td class=\"has-text-align-center\" data-align=\"center\"><strong>Soluciones<\/strong><\/td><\/tr><tr><td class=\"has-text-align-center\" data-align=\"center\">Inteligencia sobre Competidores<\/td><td class=\"has-text-align-center\" data-align=\"center\">Investigaci\u00f3n Cualitativa<\/td><td class=\"has-text-align-center\" data-align=\"center\">An\u00e1lisis de Mercado<\/td><\/tr><tr><td class=\"has-text-align-center\" data-align=\"center\">Inteligencia de Productos\/Servicios<\/td><td class=\"has-text-align-center\" data-align=\"center\">Desk Research<\/td><td class=\"has-text-align-center\" data-align=\"center\">Desk Research<\/td><\/tr><tr><td class=\"has-text-align-center\" data-align=\"center\">Informaci\u00f3n del Mercado<\/td><td class=\"has-text-align-center\" data-align=\"center\">Investigaci\u00f3n Cuantitativa<\/td><td class=\"has-text-align-center\" data-align=\"center\">Experiencia del Cliente<\/td><\/tr><tr><td class=\"has-text-align-center\" data-align=\"center\">Informaci\u00f3n de Clientes<\/td><td class=\"has-text-align-center\" data-align=\"center\"><\/td><td class=\"has-text-align-center\" data-align=\"center\">Marca<\/td><\/tr><tr><td class=\"has-text-align-center\" data-align=\"center\"><\/td><td class=\"has-text-align-center\" data-align=\"center\"><\/td><td class=\"has-text-align-center\" data-align=\"center\">Lanzamiento de Productos o Servicios<\/td><\/tr><\/tbody><\/table><\/figure>\n\n\n\n<p><\/p>\n\n\n\n<p><\/p>\n\n\n\n<h2 class=\"wp-block-heading has-text-align-center\">Contactanos<\/h2>\n\n\n<div class=\"wpforms-container wpforms-container-full\" id=\"wpforms-194\"><form id=\"wpforms-form-194\" class=\"wpforms-validate wpforms-form\" data-formid=\"194\" method=\"post\" enctype=\"multipart\/form-data\" action=\"\/index.php\/wp-json\/wp\/v2\/pages\/504\" data-token=\"829a10d519872a4755cb89c5076002fb\" data-token-time=\"1777398898\"><noscript class=\"wpforms-error-noscript\">Por favor, activa JavaScript en tu navegador para completar este formulario.<\/noscript><div class=\"wpforms-field-container\"><div id=\"wpforms-194-field_0-container\" class=\"wpforms-field wpforms-field-name wpforms-one-half wpforms-first\" data-field-id=\"0\"><label class=\"wpforms-field-label wpforms-label-hide\" for=\"wpforms-194-field_0\">Nombre y Apellido <span class=\"wpforms-required-label\">*<\/span><\/label><div class=\"wpforms-field-row wpforms-field-large\"><div class=\"wpforms-field-row-block wpforms-first wpforms-one-half\"><input type=\"text\" id=\"wpforms-194-field_0\" class=\"wpforms-field-name-first wpforms-field-required\" name=\"wpforms[fields][0][first]\" required><label for=\"wpforms-194-field_0\" class=\"wpforms-field-sublabel after\">Nombre<\/label><\/div><div class=\"wpforms-field-row-block wpforms-one-half\"><input type=\"text\" id=\"wpforms-194-field_0-last\" class=\"wpforms-field-name-last wpforms-field-required\" name=\"wpforms[fields][0][last]\" required><label for=\"wpforms-194-field_0-last\" class=\"wpforms-field-sublabel after\">Apellidos<\/label><\/div><\/div><\/div><div id=\"wpforms-194-field_3-container\" class=\"wpforms-field wpforms-field-email wpforms-one-half\" data-field-id=\"3\"><label class=\"wpforms-field-label wpforms-label-hide\" for=\"wpforms-194-field_3\">Email <span class=\"wpforms-required-label\">*<\/span><\/label><input type=\"email\" id=\"wpforms-194-field_3\" class=\"wpforms-field-large wpforms-field-required\" name=\"wpforms[fields][3]\" placeholder=\"Tu Email\" spellcheck=\"false\" required><\/div><div id=\"wpforms-194-field_4-container\" class=\"wpforms-field wpforms-field-text\" data-field-id=\"4\"><label class=\"wpforms-field-label wpforms-label-hide\" for=\"wpforms-194-field_4\">Asunto<\/label><input type=\"text\" id=\"wpforms-194-field_4\" class=\"wpforms-field-large\" name=\"wpforms[fields][4]\" placeholder=\"Asunto\" ><\/div><div id=\"wpforms-194-field_2-container\" class=\"wpforms-field wpforms-field-textarea\" data-field-id=\"2\"><label class=\"wpforms-field-label wpforms-label-hide\" for=\"wpforms-194-field_2\">Mensaje <span class=\"wpforms-required-label\">*<\/span><\/label><textarea id=\"wpforms-194-field_2\" class=\"wpforms-field-medium wpforms-field-required\" name=\"wpforms[fields][2]\" placeholder=\"Escrib\u00ed aqu\u00ed tu mensaje\" required><\/textarea><\/div><\/div><!-- .wpforms-field-container --><div class=\"wpforms-submit-container\" ><input type=\"hidden\" name=\"wpforms[id]\" value=\"194\"><input type=\"hidden\" name=\"page_title\" value=\"\"><input type=\"hidden\" name=\"page_url\" value=\"https:\/\/calidadbc.com\/index.php\/wp-json\/wp\/v2\/pages\/504\"><button type=\"submit\" name=\"wpforms[submit]\" id=\"wpforms-submit-194\" class=\"wpforms-submit\" data-alt-text=\"Sending...\" data-submit-text=\"Enviar \" aria-live=\"assertive\" value=\"wpforms-submit\">Enviar <\/button><\/div><\/form><\/div>  <!-- .wpforms-container -->\n","protected":false},"excerpt":{"rendered":"<p>La Investigaci\u00f3n de Mercado es una herramienta poderosa que permite a las organizaciones entender mejor su entorno y tomar decisiones estrat\u00e9gicas basadas en datos. En Consultora Bahamonde Cavagnaro, ofrecemos un enfoque integral que combina investigaci\u00f3n cualitativa y cuantitativa, adaptado a las necesidades espec\u00edficas de su negocio. Desde el an\u00e1lisis de [&hellip;]<\/p>\n","protected":false},"author":1,"featured_media":505,"parent":0,"menu_order":0,"comment_status":"closed","ping_status":"closed","template":"","meta":{"footnotes":""},"class_list":["post-504","page","type-page","status-publish","has-post-thumbnail","hentry"],"_links":{"self":[{"href":"https:\/\/calidadbc.com\/index.php\/wp-json\/wp\/v2\/pages\/504","targetHints":{"allow":["GET"]}}],"collection":[{"href":"https:\/\/calidadbc.com\/index.php\/wp-json\/wp\/v2\/pages"}],"about":[{"href":"https:\/\/calidadbc.com\/index.php\/wp-json\/wp\/v2\/types\/page"}],"author":[{"embeddable":true,"href":"https:\/\/calidadbc.com\/index.php\/wp-json\/wp\/v2\/users\/1"}],"replies":[{"embeddable":true,"href":"https:\/\/calidadbc.com\/index.php\/wp-json\/wp\/v2\/comments?post=504"}],"version-history":[{"count":6,"href":"https:\/\/calidadbc.com\/index.php\/wp-json\/wp\/v2\/pages\/504\/revisions"}],"predecessor-version":[{"id":648,"href":"https:\/\/calidadbc.com\/index.php\/wp-json\/wp\/v2\/pages\/504\/revisions\/648"}],"wp:featuredmedia":[{"embeddable":true,"href":"https:\/\/calidadbc.com\/index.php\/wp-json\/wp\/v2\/media\/505"}],"wp:attachment":[{"href":"https:\/\/calidadbc.com\/index.php\/wp-json\/wp\/v2\/media?parent=504"}],"curies":[{"name":"wp","href":"https:\/\/api.w.org\/{rel}","templated":true}]}}