{"id":502,"date":"2024-12-15T14:58:47","date_gmt":"2024-12-15T17:58:47","guid":{"rendered":"https:\/\/calidadbc.com\/?page_id=502"},"modified":"2024-12-15T20:26:30","modified_gmt":"2024-12-15T23:26:30","slug":"implementacion-de-normas-iso","status":"publish","type":"page","link":"https:\/\/calidadbc.com\/index.php\/implementacion-de-normas-iso\/","title":{"rendered":"Implementaci\u00f3n de Normas ISO"},"content":{"rendered":"\n<p>La Implementaci\u00f3n de Normas ISO es un proceso clave para cualquier organizaci\u00f3n que busque mejorar su gesti\u00f3n y competitividad. En Consultora Bahamonde Cavagnaro, ofrecemos un servicio personalizado que incluye un diagn\u00f3stico inicial, la adaptaci\u00f3n de las normas a su contexto espec\u00edfico y la capacitaci\u00f3n del personal involucrado. Nuestro enfoque se basa en la metodolog\u00eda amigable y culturalmente adaptada a su organizaci\u00f3n, garantizando que cada paso del proceso sea claro y efectivo. Con la implementaci\u00f3n de normas como ISO 9001, ISO 14001 y otras, su empresa no solo cumplir\u00e1 con los est\u00e1ndares internacionales, sino que tambi\u00e9n mejorar\u00e1 su reputaci\u00f3n y satisfacci\u00f3n del cliente. \u00a1Cont\u00e1ctenos para comenzar su camino hacia la certificaci\u00f3n!<\/p>\n\n\n<div class=\"wp-block-image\">\n<figure class=\"aligncenter size-large is-resized\"><img fetchpriority=\"high\" decoding=\"async\" width=\"1024\" height=\"681\" src=\"https:\/\/calidadbc.com\/wp-content\/uploads\/2024\/12\/servicios-1024x681.jpg\" alt=\"\" class=\"wp-image-457\" style=\"width:708px;height:auto\" srcset=\"https:\/\/calidadbc.com\/wp-content\/uploads\/2024\/12\/servicios-1024x681.jpg 1024w, https:\/\/calidadbc.com\/wp-content\/uploads\/2024\/12\/servicios-300x200.jpg 300w, https:\/\/calidadbc.com\/wp-content\/uploads\/2024\/12\/servicios-768x511.jpg 768w, https:\/\/calidadbc.com\/wp-content\/uploads\/2024\/12\/servicios-360x240.jpg 360w, https:\/\/calidadbc.com\/wp-content\/uploads\/2024\/12\/servicios.jpg 1500w\" sizes=\"(max-width: 1024px) 100vw, 1024px\" \/><\/figure>\n<\/div>\n\n\n<p><\/p>\n\n\n\n<p><\/p>\n\n\n\n<div class=\"wp-block-columns is-layout-flex wp-container-core-columns-is-layout-9d6595d7 wp-block-columns-is-layout-flex\">\n<div class=\"wp-block-column is-layout-flow wp-block-column-is-layout-flow\">\n<p><strong>GESTI\u00d3N DE CALIDAD<\/strong><\/p>\n\n\n\n<ul class=\"wp-block-list\">\n<li>ISO 9001<\/li>\n\n\n\n<li>IRAM 9900<\/li>\n<\/ul>\n\n\n\n<p><strong>SEGURIDAD Y SALUD OCUPACIONAL Y MEDIOAMBIENTE<\/strong><\/p>\n\n\n\n<ul class=\"wp-block-list\">\n<li>ISO 14001<\/li>\n\n\n\n<li>ISO 45001<\/li>\n\n\n\n<li>ISO 50001<\/li>\n<\/ul>\n\n\n\n<p><strong>CALIDAD E INOCUIDAD ALIMENTARIA<\/strong><\/p>\n\n\n\n<ul class=\"wp-block-list\">\n<li>ISO 22000<\/li>\n\n\n\n<li>BRC<\/li>\n\n\n\n<li>HACCP<\/li>\n\n\n\n<li>BPM Buenas Pr\u00e1cticas de Manufactura<\/li>\n\n\n\n<li>BPA Buenas Pr\u00e1cticas Agr\u00edcolas<\/li>\n<\/ul>\n<\/div>\n\n\n\n<div class=\"wp-block-column is-layout-flow wp-block-column-is-layout-flow\">\n<p><strong>CALIDAD TUR\u00cdSTICA<\/strong><\/p>\n\n\n\n<ul class=\"wp-block-list\">\n<li>AGENCIA DE VIAJES<\/li>\n\n\n\n<li>ALOJAMIENTOS TURISTICOS<\/li>\n\n\n\n<li>IRAM 30.400 para servicios tur\u00edsticos<\/li>\n<\/ul>\n\n\n\n<p><strong>SEGURIDAD VIAL<\/strong><\/p>\n\n\n\n<ul class=\"wp-block-list\">\n<li>ISO 39000<\/li>\n\n\n\n<li>IRAM 3810<\/li>\n<\/ul>\n\n\n\n<p><strong>ANTI SOBORNO<\/strong><\/p>\n\n\n\n<ul class=\"wp-block-list\">\n<li>ISO 37001<\/li>\n<\/ul>\n<\/div>\n<\/div>\n\n\n\n<h2 class=\"wp-block-heading has-text-align-center\">Contactanos<\/h2>\n\n\n<div class=\"wpforms-container wpforms-container-full\" id=\"wpforms-194\"><form id=\"wpforms-form-194\" class=\"wpforms-validate wpforms-form\" data-formid=\"194\" method=\"post\" enctype=\"multipart\/form-data\" action=\"\/index.php\/wp-json\/wp\/v2\/pages\/502\" data-token=\"829a10d519872a4755cb89c5076002fb\" data-token-time=\"1777398045\"><noscript class=\"wpforms-error-noscript\">Por favor, activa JavaScript en tu navegador para completar este formulario.<\/noscript><div class=\"wpforms-field-container\"><div id=\"wpforms-194-field_0-container\" class=\"wpforms-field wpforms-field-name wpforms-one-half wpforms-first\" data-field-id=\"0\"><label class=\"wpforms-field-label wpforms-label-hide\" for=\"wpforms-194-field_0\">Nombre y Apellido <span class=\"wpforms-required-label\">*<\/span><\/label><div class=\"wpforms-field-row wpforms-field-large\"><div class=\"wpforms-field-row-block wpforms-first wpforms-one-half\"><input type=\"text\" id=\"wpforms-194-field_0\" class=\"wpforms-field-name-first wpforms-field-required\" name=\"wpforms[fields][0][first]\" required><label for=\"wpforms-194-field_0\" class=\"wpforms-field-sublabel after\">Nombre<\/label><\/div><div class=\"wpforms-field-row-block wpforms-one-half\"><input type=\"text\" id=\"wpforms-194-field_0-last\" class=\"wpforms-field-name-last wpforms-field-required\" name=\"wpforms[fields][0][last]\" required><label for=\"wpforms-194-field_0-last\" class=\"wpforms-field-sublabel after\">Apellidos<\/label><\/div><\/div><\/div><div id=\"wpforms-194-field_3-container\" class=\"wpforms-field wpforms-field-email wpforms-one-half\" data-field-id=\"3\"><label class=\"wpforms-field-label wpforms-label-hide\" for=\"wpforms-194-field_3\">Email <span class=\"wpforms-required-label\">*<\/span><\/label><input type=\"email\" id=\"wpforms-194-field_3\" class=\"wpforms-field-large wpforms-field-required\" name=\"wpforms[fields][3]\" placeholder=\"Tu Email\" spellcheck=\"false\" required><\/div><div id=\"wpforms-194-field_4-container\" class=\"wpforms-field wpforms-field-text\" data-field-id=\"4\"><label class=\"wpforms-field-label wpforms-label-hide\" for=\"wpforms-194-field_4\">Asunto<\/label><input type=\"text\" id=\"wpforms-194-field_4\" class=\"wpforms-field-large\" name=\"wpforms[fields][4]\" placeholder=\"Asunto\" ><\/div><div id=\"wpforms-194-field_2-container\" class=\"wpforms-field wpforms-field-textarea\" data-field-id=\"2\"><label class=\"wpforms-field-label wpforms-label-hide\" for=\"wpforms-194-field_2\">Mensaje <span class=\"wpforms-required-label\">*<\/span><\/label><textarea id=\"wpforms-194-field_2\" class=\"wpforms-field-medium wpforms-field-required\" name=\"wpforms[fields][2]\" placeholder=\"Escrib\u00ed aqu\u00ed tu mensaje\" required><\/textarea><\/div><\/div><!-- .wpforms-field-container --><div class=\"wpforms-submit-container\" ><input type=\"hidden\" name=\"wpforms[id]\" value=\"194\"><input type=\"hidden\" name=\"page_title\" value=\"\"><input type=\"hidden\" name=\"page_url\" value=\"https:\/\/calidadbc.com\/index.php\/wp-json\/wp\/v2\/pages\/502\"><button type=\"submit\" name=\"wpforms[submit]\" id=\"wpforms-submit-194\" class=\"wpforms-submit\" data-alt-text=\"Sending...\" data-submit-text=\"Enviar \" aria-live=\"assertive\" value=\"wpforms-submit\">Enviar <\/button><\/div><\/form><\/div>  <!-- .wpforms-container -->\n\n\n\n<p><\/p>\n","protected":false},"excerpt":{"rendered":"<p>La Implementaci\u00f3n de Normas ISO es un proceso clave para cualquier organizaci\u00f3n que busque mejorar su gesti\u00f3n y competitividad. En Consultora Bahamonde Cavagnaro, ofrecemos un servicio personalizado que incluye un diagn\u00f3stico inicial, la adaptaci\u00f3n de las normas a su contexto espec\u00edfico y la capacitaci\u00f3n del personal involucrado. Nuestro enfoque se [&hellip;]<\/p>\n","protected":false},"author":1,"featured_media":483,"parent":0,"menu_order":0,"comment_status":"closed","ping_status":"closed","template":"","meta":{"footnotes":""},"class_list":["post-502","page","type-page","status-publish","has-post-thumbnail","hentry"],"_links":{"self":[{"href":"https:\/\/calidadbc.com\/index.php\/wp-json\/wp\/v2\/pages\/502","targetHints":{"allow":["GET"]}}],"collection":[{"href":"https:\/\/calidadbc.com\/index.php\/wp-json\/wp\/v2\/pages"}],"about":[{"href":"https:\/\/calidadbc.com\/index.php\/wp-json\/wp\/v2\/types\/page"}],"author":[{"embeddable":true,"href":"https:\/\/calidadbc.com\/index.php\/wp-json\/wp\/v2\/users\/1"}],"replies":[{"embeddable":true,"href":"https:\/\/calidadbc.com\/index.php\/wp-json\/wp\/v2\/comments?post=502"}],"version-history":[{"count":5,"href":"https:\/\/calidadbc.com\/index.php\/wp-json\/wp\/v2\/pages\/502\/revisions"}],"predecessor-version":[{"id":635,"href":"https:\/\/calidadbc.com\/index.php\/wp-json\/wp\/v2\/pages\/502\/revisions\/635"}],"wp:featuredmedia":[{"embeddable":true,"href":"https:\/\/calidadbc.com\/index.php\/wp-json\/wp\/v2\/media\/483"}],"wp:attachment":[{"href":"https:\/\/calidadbc.com\/index.php\/wp-json\/wp\/v2\/media?parent=502"}],"curies":[{"name":"wp","href":"https:\/\/api.w.org\/{rel}","templated":true}]}}