{"id":252,"date":"2024-10-27T21:58:30","date_gmt":"2024-10-28T00:58:30","guid":{"rendered":"https:\/\/calidadbc.com\/?page_id=252"},"modified":"2024-12-15T20:44:57","modified_gmt":"2024-12-15T23:44:57","slug":"servicios","status":"publish","type":"page","link":"https:\/\/calidadbc.com\/index.php\/servicios\/","title":{"rendered":"Transformamos tu organizaci\u00f3n hacia la excelencia"},"content":{"rendered":"\n<p><\/p>\n\n\n<h4><strong>Mejora de la Gesti\u00f3n de su Organizaci\u00f3n<\/strong><\/h4>\n<p>En Consultora Bahamonde Cavagnaro, nos especializamos en ayudar a las organizaciones a optimizar su gesti\u00f3n a trav\u00e9s de un enfoque integral y personalizado. Nuestro objetivo es evaluar y mejorar la eficacia de sus procesos, asegurando que se alineen con las metas estrat\u00e9gicas de su empresa.<\/p>\n<p>\t\t\t\t\t\t\t\t\t\t\t\t\t<img fetchpriority=\"high\" decoding=\"async\" width=\"750\" height=\"422\" src=\"https:\/\/calidadbc.com\/wp-content\/uploads\/2024\/08\/digital-increasing-bar-graph-with-businessman-hand-overlay-1536x864.jpg\" alt=\"\" srcset=\"https:\/\/calidadbc.com\/wp-content\/uploads\/2024\/08\/digital-increasing-bar-graph-with-businessman-hand-overlay-1536x864.jpg 1536w, https:\/\/calidadbc.com\/wp-content\/uploads\/2024\/08\/digital-increasing-bar-graph-with-businessman-hand-overlay-300x169.jpg 300w, https:\/\/calidadbc.com\/wp-content\/uploads\/2024\/08\/digital-increasing-bar-graph-with-businessman-hand-overlay-1024x576.jpg 1024w, https:\/\/calidadbc.com\/wp-content\/uploads\/2024\/08\/digital-increasing-bar-graph-with-businessman-hand-overlay-768x432.jpg 768w, https:\/\/calidadbc.com\/wp-content\/uploads\/2024\/08\/digital-increasing-bar-graph-with-businessman-hand-overlay-2048x1152.jpg 2048w\" sizes=\"(max-width: 750px) 100vw, 750px\" \/>\t\t\t\t\t\t\t\t\t\t\t\t\t<\/p>\n<h4><strong>Nuestros Servicios Incluyen:<\/strong><\/h4>\n<ul>\n<li>\n<p><strong>Auditor\u00eda de Gesti\u00f3n y Resultados<\/strong>: Evaluamos la eficacia de los resultados en relaci\u00f3n con las metas previstas, analizando los recursos utilizados y los controles establecidos.<\/p>\n<\/li>\n<li>\n<p><strong>An\u00e1lisis de Contexto y Gesti\u00f3n de Riesgos<\/strong>: Identificamos elementos del entorno que pueden afectar el logro de sus objetivos y desarrollamos planes de acci\u00f3n para mitigarlos.<\/p>\n<\/li>\n<li>\n<p><strong>Tablero de Comando<\/strong>: Ayudamos a revisar y redefinir sus objetivos estrat\u00e9gicos, estableciendo indicadores de medici\u00f3n y planes de acci\u00f3n claros.<\/p>\n<\/li>\n<li>\n<p><strong>Reingenier\u00eda de Procesos<\/strong>: Identificamos y optimizamos las actividades de sus procesos operativos, analizando su impacto econ\u00f3mico y financiero.<\/p>\n<\/li>\n<\/ul>\n<p>Con nuestro acompa\u00f1amiento, su organizaci\u00f3n podr\u00e1 mejorar su competitividad y adaptarse a los cambios del mercado de manera efectiva. \u00a1Cont\u00e1ctenos para m\u00e1s informaci\u00f3n!<\/p>\n\n\n<p><\/p>\n\n\n\n<p><\/p>\n\n\n\n<h2 class=\"wp-block-heading has-text-align-center\">Contactanos<\/h2>\n\n\n<div class=\"wpforms-container wpforms-container-full\" id=\"wpforms-194\"><form id=\"wpforms-form-194\" class=\"wpforms-validate wpforms-form\" data-formid=\"194\" method=\"post\" enctype=\"multipart\/form-data\" action=\"\/index.php\/wp-json\/wp\/v2\/pages\/252\" data-token=\"829a10d519872a4755cb89c5076002fb\" data-token-time=\"1777397986\"><noscript class=\"wpforms-error-noscript\">Por favor, activa JavaScript en tu navegador para completar este formulario.<\/noscript><div class=\"wpforms-field-container\"><div id=\"wpforms-194-field_0-container\" class=\"wpforms-field wpforms-field-name wpforms-one-half wpforms-first\" data-field-id=\"0\"><label class=\"wpforms-field-label wpforms-label-hide\" for=\"wpforms-194-field_0\">Nombre y Apellido <span class=\"wpforms-required-label\">*<\/span><\/label><div class=\"wpforms-field-row wpforms-field-large\"><div class=\"wpforms-field-row-block wpforms-first wpforms-one-half\"><input type=\"text\" id=\"wpforms-194-field_0\" class=\"wpforms-field-name-first wpforms-field-required\" name=\"wpforms[fields][0][first]\" required><label for=\"wpforms-194-field_0\" class=\"wpforms-field-sublabel after\">Nombre<\/label><\/div><div class=\"wpforms-field-row-block wpforms-one-half\"><input type=\"text\" id=\"wpforms-194-field_0-last\" class=\"wpforms-field-name-last wpforms-field-required\" name=\"wpforms[fields][0][last]\" required><label for=\"wpforms-194-field_0-last\" class=\"wpforms-field-sublabel after\">Apellidos<\/label><\/div><\/div><\/div><div id=\"wpforms-194-field_3-container\" class=\"wpforms-field wpforms-field-email wpforms-one-half\" data-field-id=\"3\"><label class=\"wpforms-field-label wpforms-label-hide\" for=\"wpforms-194-field_3\">Email <span class=\"wpforms-required-label\">*<\/span><\/label><input type=\"email\" id=\"wpforms-194-field_3\" class=\"wpforms-field-large wpforms-field-required\" name=\"wpforms[fields][3]\" placeholder=\"Tu Email\" spellcheck=\"false\" required><\/div><div id=\"wpforms-194-field_4-container\" class=\"wpforms-field wpforms-field-text\" data-field-id=\"4\"><label class=\"wpforms-field-label wpforms-label-hide\" for=\"wpforms-194-field_4\">Asunto<\/label><input type=\"text\" id=\"wpforms-194-field_4\" class=\"wpforms-field-large\" name=\"wpforms[fields][4]\" placeholder=\"Asunto\" ><\/div><div id=\"wpforms-194-field_2-container\" class=\"wpforms-field wpforms-field-textarea\" data-field-id=\"2\"><label class=\"wpforms-field-label wpforms-label-hide\" for=\"wpforms-194-field_2\">Mensaje <span class=\"wpforms-required-label\">*<\/span><\/label><textarea id=\"wpforms-194-field_2\" class=\"wpforms-field-medium wpforms-field-required\" name=\"wpforms[fields][2]\" placeholder=\"Escrib\u00ed aqu\u00ed tu mensaje\" required><\/textarea><\/div><\/div><!-- .wpforms-field-container --><div class=\"wpforms-submit-container\" ><input type=\"hidden\" name=\"wpforms[id]\" value=\"194\"><input type=\"hidden\" name=\"page_title\" value=\"\"><input type=\"hidden\" name=\"page_url\" value=\"https:\/\/calidadbc.com\/index.php\/wp-json\/wp\/v2\/pages\/252\"><button type=\"submit\" name=\"wpforms[submit]\" id=\"wpforms-submit-194\" class=\"wpforms-submit\" data-alt-text=\"Sending...\" data-submit-text=\"Enviar \" aria-live=\"assertive\" value=\"wpforms-submit\">Enviar <\/button><\/div><\/form><\/div>  <!-- .wpforms-container -->\n","protected":false},"excerpt":{"rendered":"<p>Mejora de la Gesti\u00f3n de su Organizaci\u00f3n En Consultora Bahamonde Cavagnaro, nos especializamos en ayudar a las organizaciones a optimizar su gesti\u00f3n a trav\u00e9s de un enfoque integral y personalizado. Nuestro objetivo es evaluar y mejorar la eficacia de sus procesos, asegurando que se alineen con las metas estrat\u00e9gicas de [&hellip;]<\/p>\n","protected":false},"author":1,"featured_media":457,"parent":0,"menu_order":0,"comment_status":"closed","ping_status":"closed","template":"","meta":{"footnotes":""},"class_list":["post-252","page","type-page","status-publish","has-post-thumbnail","hentry"],"_links":{"self":[{"href":"https:\/\/calidadbc.com\/index.php\/wp-json\/wp\/v2\/pages\/252","targetHints":{"allow":["GET"]}}],"collection":[{"href":"https:\/\/calidadbc.com\/index.php\/wp-json\/wp\/v2\/pages"}],"about":[{"href":"https:\/\/calidadbc.com\/index.php\/wp-json\/wp\/v2\/types\/page"}],"author":[{"embeddable":true,"href":"https:\/\/calidadbc.com\/index.php\/wp-json\/wp\/v2\/users\/1"}],"replies":[{"embeddable":true,"href":"https:\/\/calidadbc.com\/index.php\/wp-json\/wp\/v2\/comments?post=252"}],"version-history":[{"count":18,"href":"https:\/\/calidadbc.com\/index.php\/wp-json\/wp\/v2\/pages\/252\/revisions"}],"predecessor-version":[{"id":652,"href":"https:\/\/calidadbc.com\/index.php\/wp-json\/wp\/v2\/pages\/252\/revisions\/652"}],"wp:featuredmedia":[{"embeddable":true,"href":"https:\/\/calidadbc.com\/index.php\/wp-json\/wp\/v2\/media\/457"}],"wp:attachment":[{"href":"https:\/\/calidadbc.com\/index.php\/wp-json\/wp\/v2\/media?parent=252"}],"curies":[{"name":"wp","href":"https:\/\/api.w.org\/{rel}","templated":true}]}}